{"id":1479,"date":"2022-03-18T08:09:45","date_gmt":"2022-03-18T07:09:45","guid":{"rendered":"https:\/\/www.hansaa.com\/vindindustrien\/"},"modified":"2025-11-27T09:38:54","modified_gmt":"2025-11-27T08:38:54","slug":"vindindustrien","status":"publish","type":"page","link":"https:\/\/www.hansaa.com\/da\/vindindustrien\/","title":{"rendered":"Vind industrien"},"content":{"rendered":"","protected":false},"excerpt":{"rendered":"","protected":false},"author":2,"featured_media":0,"parent":0,"menu_order":0,"comment_status":"closed","ping_status":"closed","template":"template-modules.blade.php","meta":{"_acf_changed":false,"_seopress_robots_primary_cat":"","_seopress_titles_title":"Afd\u00e6kningsl\u00f8sninger til vindindustrien","_seopress_titles_desc":"Vi laver afd\u00e6kningl\u00f8sninger til alle komponenter under transport og opbevaring. Vi laver presenningsl\u00f8sninger til bl.a. t\u00e5rne, vinger og naceller, mm.","_seopress_robots_index":"","_seopress_redirections_enabled":"","_seopress_redirections_value":"","_seopress_redirections_type":"301","_seopress_redirections_param":"","_seopress_redirections_enabled_regex":"","_seopress_redirections_logged_status":"both","_seopress_redirections_ip":"","seopress_redirections_ua":"","seopress_redirections_referer":"","_seopress_redirections_date_request":"","seopress_404_count":"","_seopress_404_redirect_date_request":"","footnotes":""},"class_list":["post-1479","page","type-page","status-publish","hentry"],"acf":[],"_links":{"self":[{"href":"https:\/\/www.hansaa.com\/da\/wp-json\/wp\/v2\/pages\/1479","targetHints":{"allow":["GET"]}}],"collection":[{"href":"https:\/\/www.hansaa.com\/da\/wp-json\/wp\/v2\/pages"}],"about":[{"href":"https:\/\/www.hansaa.com\/da\/wp-json\/wp\/v2\/types\/page"}],"author":[{"embeddable":true,"href":"https:\/\/www.hansaa.com\/da\/wp-json\/wp\/v2\/users\/2"}],"replies":[{"embeddable":true,"href":"https:\/\/www.hansaa.com\/da\/wp-json\/wp\/v2\/comments?post=1479"}],"version-history":[{"count":15,"href":"https:\/\/www.hansaa.com\/da\/wp-json\/wp\/v2\/pages\/1479\/revisions"}],"predecessor-version":[{"id":3577,"href":"https:\/\/www.hansaa.com\/da\/wp-json\/wp\/v2\/pages\/1479\/revisions\/3577"}],"wp:attachment":[{"href":"https:\/\/www.hansaa.com\/da\/wp-json\/wp\/v2\/media?parent=1479"}],"curies":[{"name":"wp","href":"https:\/\/api.w.org\/{rel}","templated":true}]}}