{"id":1598,"date":"2022-03-18T08:11:53","date_gmt":"2022-03-18T07:11:53","guid":{"rendered":"https:\/\/www.hansaa.com\/karriere\/"},"modified":"2025-11-27T10:51:06","modified_gmt":"2025-11-27T09:51:06","slug":"karriere","status":"publish","type":"page","link":"https:\/\/www.hansaa.com\/da\/karriere\/","title":{"rendered":"Karriere hos Hans Aa"},"content":{"rendered":"","protected":false},"excerpt":{"rendered":"","protected":false},"author":2,"featured_media":0,"parent":0,"menu_order":1,"comment_status":"closed","ping_status":"closed","template":"template-modules.blade.php","meta":{"_acf_changed":false,"_seopress_robots_primary_cat":"","_seopress_titles_title":"Vil du v\u00e6re en del af Hans Aa?","_seopress_titles_desc":"Vi er stolte af at v\u00e6re et samlet team med et f\u00e6lles m\u00e5l, p\u00e5 tv\u00e6rs af landegr\u00e6nser.\r\nHer finder du mere om hvad der driver os, og vores \u00e5bne jobmuligheder.","_seopress_robots_index":"","_seopress_redirections_enabled":"","_seopress_redirections_value":"","_seopress_redirections_type":"301","_seopress_redirections_param":"","_seopress_redirections_enabled_regex":"","_seopress_redirections_logged_status":"both","_seopress_redirections_ip":"","seopress_redirections_ua":"","seopress_redirections_referer":"","_seopress_redirections_date_request":"","seopress_404_count":"","_seopress_404_redirect_date_request":"","footnotes":""},"class_list":["post-1598","page","type-page","status-publish","hentry"],"acf":[],"_links":{"self":[{"href":"https:\/\/www.hansaa.com\/da\/wp-json\/wp\/v2\/pages\/1598","targetHints":{"allow":["GET"]}}],"collection":[{"href":"https:\/\/www.hansaa.com\/da\/wp-json\/wp\/v2\/pages"}],"about":[{"href":"https:\/\/www.hansaa.com\/da\/wp-json\/wp\/v2\/types\/page"}],"author":[{"embeddable":true,"href":"https:\/\/www.hansaa.com\/da\/wp-json\/wp\/v2\/users\/2"}],"replies":[{"embeddable":true,"href":"https:\/\/www.hansaa.com\/da\/wp-json\/wp\/v2\/comments?post=1598"}],"version-history":[{"count":8,"href":"https:\/\/www.hansaa.com\/da\/wp-json\/wp\/v2\/pages\/1598\/revisions"}],"predecessor-version":[{"id":3586,"href":"https:\/\/www.hansaa.com\/da\/wp-json\/wp\/v2\/pages\/1598\/revisions\/3586"}],"wp:attachment":[{"href":"https:\/\/www.hansaa.com\/da\/wp-json\/wp\/v2\/media?parent=1598"}],"curies":[{"name":"wp","href":"https:\/\/api.w.org\/{rel}","templated":true}]}}