{"id":1600,"date":"2022-03-18T08:14:29","date_gmt":"2022-03-18T07:14:29","guid":{"rendered":"https:\/\/www.hansaa.com\/kontakt\/"},"modified":"2026-02-10T09:24:38","modified_gmt":"2026-02-10T08:24:38","slug":"kontakt","status":"publish","type":"page","link":"https:\/\/www.hansaa.com\/da\/kontakt\/","title":{"rendered":"Kontakt"},"content":{"rendered":"","protected":false},"excerpt":{"rendered":"","protected":false},"author":2,"featured_media":0,"parent":0,"menu_order":3,"comment_status":"closed","ping_status":"closed","template":"template-modules.blade.php","meta":{"_acf_changed":false,"_seopress_robots_primary_cat":"","_seopress_titles_title":"Velkommen til Hans Aa - Se vores fabrikker her","_seopress_titles_desc":"Vil du gerne i kontakt med os? Her finder du al information om vores fabrikker rundt om i verden. \r\nVi gl\u00e6der os til at skabe en afd\u00e6kningsl\u00f8sning i presenning til dig!","_seopress_robots_index":"","_seopress_redirections_enabled":"","_seopress_redirections_value":"","_seopress_redirections_type":"301","_seopress_redirections_param":"","_seopress_redirections_enabled_regex":"","_seopress_redirections_logged_status":"both","_seopress_redirections_ip":"","seopress_redirections_ua":"","seopress_redirections_referer":"","_seopress_redirections_date_request":"","seopress_404_count":"","_seopress_404_redirect_date_request":"","footnotes":""},"class_list":["post-1600","page","type-page","status-publish","hentry"],"acf":[],"_links":{"self":[{"href":"https:\/\/www.hansaa.com\/da\/wp-json\/wp\/v2\/pages\/1600","targetHints":{"allow":["GET"]}}],"collection":[{"href":"https:\/\/www.hansaa.com\/da\/wp-json\/wp\/v2\/pages"}],"about":[{"href":"https:\/\/www.hansaa.com\/da\/wp-json\/wp\/v2\/types\/page"}],"author":[{"embeddable":true,"href":"https:\/\/www.hansaa.com\/da\/wp-json\/wp\/v2\/users\/2"}],"replies":[{"embeddable":true,"href":"https:\/\/www.hansaa.com\/da\/wp-json\/wp\/v2\/comments?post=1600"}],"version-history":[{"count":5,"href":"https:\/\/www.hansaa.com\/da\/wp-json\/wp\/v2\/pages\/1600\/revisions"}],"predecessor-version":[{"id":3692,"href":"https:\/\/www.hansaa.com\/da\/wp-json\/wp\/v2\/pages\/1600\/revisions\/3692"}],"wp:attachment":[{"href":"https:\/\/www.hansaa.com\/da\/wp-json\/wp\/v2\/media?parent=1600"}],"curies":[{"name":"wp","href":"https:\/\/api.w.org\/{rel}","templated":true}]}}