{"id":1608,"date":"2022-03-18T08:28:43","date_gmt":"2022-03-18T07:28:43","guid":{"rendered":"https:\/\/www.hansaa.com\/skraeddersyede-loesninger\/"},"modified":"2025-11-27T09:21:16","modified_gmt":"2025-11-27T08:21:16","slug":"skraeddersyede-loesninger","status":"publish","type":"page","link":"https:\/\/www.hansaa.com\/da\/skraeddersyede-loesninger\/","title":{"rendered":"Skr\u00e6ddersyede l\u00f8sninger"},"content":{"rendered":"","protected":false},"excerpt":{"rendered":"","protected":false},"author":2,"featured_media":0,"parent":0,"menu_order":6,"comment_status":"closed","ping_status":"closed","template":"template-modules.blade.php","meta":{"_acf_changed":false,"_seopress_robots_primary_cat":"","_seopress_titles_title":"Innovative skr\u00e6ddersyede l\u00f8sninger","_seopress_titles_desc":"Vores ingeni\u00f8rer og produktudviklere st\u00e5r klar til at skabe l\u00f8sninger til ethvert behov. Vi tilbyder serieproduktion fra Kina og Polen.","_seopress_robots_index":"","_seopress_redirections_enabled":"","_seopress_redirections_value":"","_seopress_redirections_type":"301","_seopress_redirections_param":"","_seopress_redirections_enabled_regex":"","_seopress_redirections_logged_status":"both","_seopress_redirections_ip":"","seopress_redirections_ua":"","seopress_redirections_referer":"","_seopress_redirections_date_request":"","seopress_404_count":"","_seopress_404_redirect_date_request":"","footnotes":""},"class_list":["post-1608","page","type-page","status-publish","hentry"],"acf":[],"_links":{"self":[{"href":"https:\/\/www.hansaa.com\/da\/wp-json\/wp\/v2\/pages\/1608","targetHints":{"allow":["GET"]}}],"collection":[{"href":"https:\/\/www.hansaa.com\/da\/wp-json\/wp\/v2\/pages"}],"about":[{"href":"https:\/\/www.hansaa.com\/da\/wp-json\/wp\/v2\/types\/page"}],"author":[{"embeddable":true,"href":"https:\/\/www.hansaa.com\/da\/wp-json\/wp\/v2\/users\/2"}],"replies":[{"embeddable":true,"href":"https:\/\/www.hansaa.com\/da\/wp-json\/wp\/v2\/comments?post=1608"}],"version-history":[{"count":12,"href":"https:\/\/www.hansaa.com\/da\/wp-json\/wp\/v2\/pages\/1608\/revisions"}],"predecessor-version":[{"id":3570,"href":"https:\/\/www.hansaa.com\/da\/wp-json\/wp\/v2\/pages\/1608\/revisions\/3570"}],"wp:attachment":[{"href":"https:\/\/www.hansaa.com\/da\/wp-json\/wp\/v2\/media?parent=1608"}],"curies":[{"name":"wp","href":"https:\/\/api.w.org\/{rel}","templated":true}]}}