{"id":1610,"date":"2022-03-18T08:27:46","date_gmt":"2022-03-18T07:27:46","guid":{"rendered":"https:\/\/www.hansaa.com\/offshore-industri\/"},"modified":"2025-11-27T09:45:27","modified_gmt":"2025-11-27T08:45:27","slug":"offshore-industrien","status":"publish","type":"page","link":"https:\/\/www.hansaa.com\/da\/offshore-industrien\/","title":{"rendered":"Offshore industrien"},"content":{"rendered":"","protected":false},"excerpt":{"rendered":"","protected":false},"author":2,"featured_media":0,"parent":0,"menu_order":9,"comment_status":"closed","ping_status":"closed","template":"template-modules.blade.php","meta":{"_acf_changed":false,"_seopress_robots_primary_cat":"","_seopress_titles_title":"Vi laver alle slags presenninger til offshore industrien.","_seopress_titles_desc":"Vi laver bl.a. covers til redningsmaterialer, v\u00e6rkt\u00f8jstasker, l\u00f8ftetasker, skalerbare og genanvendelige telte til svejsehabitater og meget mere.","_seopress_robots_index":"","_seopress_redirections_enabled":"","_seopress_redirections_value":"","_seopress_redirections_type":"301","_seopress_redirections_param":"","_seopress_redirections_enabled_regex":"","_seopress_redirections_logged_status":"both","_seopress_redirections_ip":"","seopress_redirections_ua":"","seopress_redirections_referer":"","_seopress_redirections_date_request":"","seopress_404_count":"","_seopress_404_redirect_date_request":"","footnotes":""},"class_list":["post-1610","page","type-page","status-publish","hentry"],"acf":[],"_links":{"self":[{"href":"https:\/\/www.hansaa.com\/da\/wp-json\/wp\/v2\/pages\/1610","targetHints":{"allow":["GET"]}}],"collection":[{"href":"https:\/\/www.hansaa.com\/da\/wp-json\/wp\/v2\/pages"}],"about":[{"href":"https:\/\/www.hansaa.com\/da\/wp-json\/wp\/v2\/types\/page"}],"author":[{"embeddable":true,"href":"https:\/\/www.hansaa.com\/da\/wp-json\/wp\/v2\/users\/2"}],"replies":[{"embeddable":true,"href":"https:\/\/www.hansaa.com\/da\/wp-json\/wp\/v2\/comments?post=1610"}],"version-history":[{"count":8,"href":"https:\/\/www.hansaa.com\/da\/wp-json\/wp\/v2\/pages\/1610\/revisions"}],"predecessor-version":[{"id":3582,"href":"https:\/\/www.hansaa.com\/da\/wp-json\/wp\/v2\/pages\/1610\/revisions\/3582"}],"wp:attachment":[{"href":"https:\/\/www.hansaa.com\/da\/wp-json\/wp\/v2\/media?parent=1610"}],"curies":[{"name":"wp","href":"https:\/\/api.w.org\/{rel}","templated":true}]}}