{"id":1614,"date":"2022-03-18T08:22:27","date_gmt":"2022-03-18T07:22:27","guid":{"rendered":"https:\/\/www.hansaa.com\/vores-vaerdier\/"},"modified":"2025-11-27T09:26:10","modified_gmt":"2025-11-27T08:26:10","slug":"vores-vaerdier","status":"publish","type":"page","link":"https:\/\/www.hansaa.com\/da\/vores-vaerdier\/","title":{"rendered":"Vores v\u00e6rdier"},"content":{"rendered":"","protected":false},"excerpt":{"rendered":"","protected":false},"author":2,"featured_media":0,"parent":0,"menu_order":5,"comment_status":"closed","ping_status":"closed","template":"template-modules.blade.php","meta":{"_acf_changed":false,"_seopress_robots_primary_cat":"","_seopress_titles_title":"Hans Aa's v\u00e6rdier","_seopress_titles_desc":"I over 70 \u00e5r har vi skabt presenningsl\u00f8sninger, og altid efterlevet vores v\u00e6rdier. Vores DNA kan og vil vi ikke lave om p\u00e5. L\u00e6s her, hvad vi v\u00e6gter h\u00f8jest.","_seopress_robots_index":"","_seopress_redirections_enabled":"","_seopress_redirections_value":"","_seopress_redirections_type":"301","_seopress_redirections_param":"","_seopress_redirections_enabled_regex":"","_seopress_redirections_logged_status":"both","_seopress_redirections_ip":"","seopress_redirections_ua":"","seopress_redirections_referer":"","_seopress_redirections_date_request":"","seopress_404_count":"","_seopress_404_redirect_date_request":"","footnotes":""},"class_list":["post-1614","page","type-page","status-publish","hentry"],"acf":[],"_links":{"self":[{"href":"https:\/\/www.hansaa.com\/da\/wp-json\/wp\/v2\/pages\/1614","targetHints":{"allow":["GET"]}}],"collection":[{"href":"https:\/\/www.hansaa.com\/da\/wp-json\/wp\/v2\/pages"}],"about":[{"href":"https:\/\/www.hansaa.com\/da\/wp-json\/wp\/v2\/types\/page"}],"author":[{"embeddable":true,"href":"https:\/\/www.hansaa.com\/da\/wp-json\/wp\/v2\/users\/2"}],"replies":[{"embeddable":true,"href":"https:\/\/www.hansaa.com\/da\/wp-json\/wp\/v2\/comments?post=1614"}],"version-history":[{"count":3,"href":"https:\/\/www.hansaa.com\/da\/wp-json\/wp\/v2\/pages\/1614\/revisions"}],"predecessor-version":[{"id":3571,"href":"https:\/\/www.hansaa.com\/da\/wp-json\/wp\/v2\/pages\/1614\/revisions\/3571"}],"wp:attachment":[{"href":"https:\/\/www.hansaa.com\/da\/wp-json\/wp\/v2\/media?parent=1614"}],"curies":[{"name":"wp","href":"https:\/\/api.w.org\/{rel}","templated":true}]}}