{"id":1388,"date":"2022-03-18T08:09:45","date_gmt":"2022-03-18T07:09:45","guid":{"rendered":"https:\/\/www.hansaa.com\/przemysl-wiatrowy\/"},"modified":"2024-01-24T09:22:07","modified_gmt":"2024-01-24T08:22:07","slug":"przemysl-wiatrowy","status":"publish","type":"page","link":"https:\/\/www.hansaa.com\/pl\/przemysl-wiatrowy\/","title":{"rendered":"Przemys\u0142 wiatrowy"},"content":{"rendered":"","protected":false},"excerpt":{"rendered":"","protected":false},"author":2,"featured_media":0,"parent":0,"menu_order":0,"comment_status":"closed","ping_status":"closed","template":"template-modules.blade.php","meta":{"_acf_changed":false,"_seopress_robots_primary_cat":"","_seopress_titles_title":"Rozwi\u0105zania plandekowe dla bran\u017cy energetyki wiatrowej - pozw\u00f3l nam chroni\u0107 Twoje komponenty","_seopress_titles_desc":"Chcesz zabezpieczy\u0107 okre\u015blony element silnika wiatrowego podczas transportu? Wykonujemy plandeki na wie\u017ce turbin, \u0142opaty, gondole i piasty. Zobacz wi\u0119cej tutaj. ","_seopress_robots_index":"","_seopress_redirections_enabled":"","_seopress_redirections_value":"","_seopress_redirections_type":"301","_seopress_redirections_param":"","_seopress_redirections_enabled_regex":"","_seopress_redirections_logged_status":"both","_seopress_redirections_ip":"","seopress_redirections_ua":"","seopress_redirections_referer":"","_seopress_redirections_date_request":"","seopress_404_count":"","_seopress_404_redirect_date_request":"","footnotes":""},"class_list":["post-1388","page","type-page","status-publish","hentry"],"acf":[],"_links":{"self":[{"href":"https:\/\/www.hansaa.com\/pl\/wp-json\/wp\/v2\/pages\/1388","targetHints":{"allow":["GET"]}}],"collection":[{"href":"https:\/\/www.hansaa.com\/pl\/wp-json\/wp\/v2\/pages"}],"about":[{"href":"https:\/\/www.hansaa.com\/pl\/wp-json\/wp\/v2\/types\/page"}],"author":[{"embeddable":true,"href":"https:\/\/www.hansaa.com\/pl\/wp-json\/wp\/v2\/users\/2"}],"replies":[{"embeddable":true,"href":"https:\/\/www.hansaa.com\/pl\/wp-json\/wp\/v2\/comments?post=1388"}],"version-history":[{"count":40,"href":"https:\/\/www.hansaa.com\/pl\/wp-json\/wp\/v2\/pages\/1388\/revisions"}],"predecessor-version":[{"id":3014,"href":"https:\/\/www.hansaa.com\/pl\/wp-json\/wp\/v2\/pages\/1388\/revisions\/3014"}],"wp:attachment":[{"href":"https:\/\/www.hansaa.com\/pl\/wp-json\/wp\/v2\/media?parent=1388"}],"curies":[{"name":"wp","href":"https:\/\/api.w.org\/{rel}","templated":true}]}}