{"id":1394,"date":"2022-03-18T08:05:06","date_gmt":"2022-03-18T07:05:06","guid":{"rendered":"https:\/\/www.hansaa.com\/dom\/"},"modified":"2023-06-02T11:47:10","modified_gmt":"2023-06-02T09:47:10","slug":"dom","status":"publish","type":"page","link":"https:\/\/www.hansaa.com\/pl\/","title":{"rendered":"Dom"},"content":{"rendered":"","protected":false},"excerpt":{"rendered":"","protected":false},"author":2,"featured_media":0,"parent":0,"menu_order":2,"comment_status":"closed","ping_status":"closed","template":"template-modules.blade.php","meta":{"_acf_changed":false,"_seopress_robots_primary_cat":"","_seopress_titles_title":"Hans Aa - Rozwi\u0105zania plandek ochronnych dla przysz\u0142o\u015bci energetyki","_seopress_titles_desc":"Szukasz rozwi\u0105zania w zakresie plandeki? W Hans Aa rozwi\u0105zujemy wyzwania naszych klient\u00f3w dzi\u0119ki naszej wiedzy technicznej i wieloletniemu do\u015bwiadczeniu. Zobacz wi\u0119cej tutaj.","_seopress_robots_index":"","_seopress_redirections_enabled":"","_seopress_redirections_value":"","_seopress_redirections_type":"301","_seopress_redirections_param":"","_seopress_redirections_enabled_regex":"","_seopress_redirections_logged_status":"both","_seopress_redirections_ip":"","seopress_redirections_ua":"","seopress_redirections_referer":"","_seopress_redirections_date_request":"","seopress_404_count":"","_seopress_404_redirect_date_request":"","footnotes":""},"class_list":["post-1394","page","type-page","status-publish","hentry"],"acf":[],"_links":{"self":[{"href":"https:\/\/www.hansaa.com\/pl\/wp-json\/wp\/v2\/pages\/1394","targetHints":{"allow":["GET"]}}],"collection":[{"href":"https:\/\/www.hansaa.com\/pl\/wp-json\/wp\/v2\/pages"}],"about":[{"href":"https:\/\/www.hansaa.com\/pl\/wp-json\/wp\/v2\/types\/page"}],"author":[{"embeddable":true,"href":"https:\/\/www.hansaa.com\/pl\/wp-json\/wp\/v2\/users\/2"}],"replies":[{"embeddable":true,"href":"https:\/\/www.hansaa.com\/pl\/wp-json\/wp\/v2\/comments?post=1394"}],"version-history":[{"count":9,"href":"https:\/\/www.hansaa.com\/pl\/wp-json\/wp\/v2\/pages\/1394\/revisions"}],"predecessor-version":[{"id":2505,"href":"https:\/\/www.hansaa.com\/pl\/wp-json\/wp\/v2\/pages\/1394\/revisions\/2505"}],"wp:attachment":[{"href":"https:\/\/www.hansaa.com\/pl\/wp-json\/wp\/v2\/media?parent=1394"}],"curies":[{"name":"wp","href":"https:\/\/api.w.org\/{rel}","templated":true}]}}