{"id":1396,"date":"2022-03-18T08:14:29","date_gmt":"2022-03-18T07:14:29","guid":{"rendered":"https:\/\/www.hansaa.com\/kontakt\/"},"modified":"2026-02-10T09:28:48","modified_gmt":"2026-02-10T08:28:48","slug":"kontakt","status":"publish","type":"page","link":"https:\/\/www.hansaa.com\/pl\/kontakt\/","title":{"rendered":"Kontakt"},"content":{"rendered":"","protected":false},"excerpt":{"rendered":"","protected":false},"author":2,"featured_media":0,"parent":0,"menu_order":3,"comment_status":"closed","ping_status":"closed","template":"template-modules.blade.php","meta":{"_acf_changed":false,"_seopress_robots_primary_cat":"","_seopress_titles_title":"Chcesz skontaktowa\u0107 si\u0119 z Hansem Aa? Zobacz wi\u0119cej o naszych obiektach tutaj","_seopress_titles_desc":"Masz pytanie do Hansa Aa? Tutaj znajdziesz informacje kontaktowe wszystkich naszych obiekt\u00f3w.","_seopress_robots_index":"","_seopress_redirections_enabled":"","_seopress_redirections_value":"","_seopress_redirections_type":"301","_seopress_redirections_param":"","_seopress_redirections_enabled_regex":"","_seopress_redirections_logged_status":"both","_seopress_redirections_ip":"","seopress_redirections_ua":"","seopress_redirections_referer":"","_seopress_redirections_date_request":"","seopress_404_count":"","_seopress_404_redirect_date_request":"","footnotes":""},"class_list":["post-1396","page","type-page","status-publish","hentry"],"acf":[],"_links":{"self":[{"href":"https:\/\/www.hansaa.com\/pl\/wp-json\/wp\/v2\/pages\/1396","targetHints":{"allow":["GET"]}}],"collection":[{"href":"https:\/\/www.hansaa.com\/pl\/wp-json\/wp\/v2\/pages"}],"about":[{"href":"https:\/\/www.hansaa.com\/pl\/wp-json\/wp\/v2\/types\/page"}],"author":[{"embeddable":true,"href":"https:\/\/www.hansaa.com\/pl\/wp-json\/wp\/v2\/users\/2"}],"replies":[{"embeddable":true,"href":"https:\/\/www.hansaa.com\/pl\/wp-json\/wp\/v2\/comments?post=1396"}],"version-history":[{"count":5,"href":"https:\/\/www.hansaa.com\/pl\/wp-json\/wp\/v2\/pages\/1396\/revisions"}],"predecessor-version":[{"id":3693,"href":"https:\/\/www.hansaa.com\/pl\/wp-json\/wp\/v2\/pages\/1396\/revisions\/3693"}],"wp:attachment":[{"href":"https:\/\/www.hansaa.com\/pl\/wp-json\/wp\/v2\/media?parent=1396"}],"curies":[{"name":"wp","href":"https:\/\/api.w.org\/{rel}","templated":true}]}}