{"id":1455,"date":"2022-03-18T08:28:13","date_gmt":"2022-03-18T07:28:13","guid":{"rendered":"https:\/\/www.hansaa.com\/przemysl-obslugi-naziemnej\/"},"modified":"2023-06-06T20:45:44","modified_gmt":"2023-06-06T18:45:44","slug":"przemysl-obslugi-naziemnej","status":"publish","type":"page","link":"https:\/\/www.hansaa.com\/pl\/przemysl-obslugi-naziemnej\/","title":{"rendered":"Przemys\u0142 obs\u0142ugi naziemnej"},"content":{"rendered":"","protected":false},"excerpt":{"rendered":"","protected":false},"author":2,"featured_media":0,"parent":0,"menu_order":8,"comment_status":"closed","ping_status":"closed","template":"template-modules.blade.php","meta":{"_acf_changed":false,"_seopress_robots_primary_cat":"","_seopress_titles_title":"Plandeki do obs\u0142ugi naziemnej \u2014 poznaj nasze us\u0142ugi tutaj","_seopress_titles_desc":"Tworzymy wysokiej jako\u015bci plandeki do przyczep baga\u017cowych, wind i innego sprz\u0119tu specjalnego. Potrzebujesz trwa\u0142ych rozwi\u0105za\u0144 wysokiej jako\u015bci? Zobacz nasze liczne rozwi\u0105zania.","_seopress_robots_index":"","_seopress_redirections_enabled":"","_seopress_redirections_value":"","_seopress_redirections_type":"301","_seopress_redirections_param":"","_seopress_redirections_enabled_regex":"","_seopress_redirections_logged_status":"both","_seopress_redirections_ip":"","seopress_redirections_ua":"","seopress_redirections_referer":"","_seopress_redirections_date_request":"","seopress_404_count":"","_seopress_404_redirect_date_request":"","footnotes":""},"class_list":["post-1455","page","type-page","status-publish","hentry"],"acf":[],"_links":{"self":[{"href":"https:\/\/www.hansaa.com\/pl\/wp-json\/wp\/v2\/pages\/1455","targetHints":{"allow":["GET"]}}],"collection":[{"href":"https:\/\/www.hansaa.com\/pl\/wp-json\/wp\/v2\/pages"}],"about":[{"href":"https:\/\/www.hansaa.com\/pl\/wp-json\/wp\/v2\/types\/page"}],"author":[{"embeddable":true,"href":"https:\/\/www.hansaa.com\/pl\/wp-json\/wp\/v2\/users\/2"}],"replies":[{"embeddable":true,"href":"https:\/\/www.hansaa.com\/pl\/wp-json\/wp\/v2\/comments?post=1455"}],"version-history":[{"count":5,"href":"https:\/\/www.hansaa.com\/pl\/wp-json\/wp\/v2\/pages\/1455\/revisions"}],"predecessor-version":[{"id":2521,"href":"https:\/\/www.hansaa.com\/pl\/wp-json\/wp\/v2\/pages\/1455\/revisions\/2521"}],"wp:attachment":[{"href":"https:\/\/www.hansaa.com\/pl\/wp-json\/wp\/v2\/media?parent=1455"}],"curies":[{"name":"wp","href":"https:\/\/api.w.org\/{rel}","templated":true}]}}