{"id":1457,"date":"2022-03-18T08:27:46","date_gmt":"2022-03-18T07:27:46","guid":{"rendered":"https:\/\/www.hansaa.com\/przemysl-offshore\/"},"modified":"2023-03-01T15:26:25","modified_gmt":"2023-03-01T14:26:25","slug":"przemysl-offshore","status":"publish","type":"page","link":"https:\/\/www.hansaa.com\/pl\/przemysl-offshore\/","title":{"rendered":"Przemys\u0142 offshore"},"content":{"rendered":"","protected":false},"excerpt":{"rendered":"","protected":false},"author":2,"featured_media":0,"parent":0,"menu_order":9,"comment_status":"closed","ping_status":"closed","template":"template-modules.blade.php","meta":{"_acf_changed":false,"_seopress_robots_primary_cat":"","_seopress_titles_title":"Tworzymy najlepsze rozwi\u0105zania plandekowe dla przemys\u0142u offshore. Zobacz wi\u0119cej tutaj.","_seopress_titles_desc":"Czy potrzebujesz pokrowc\u00f3w na materia\u0142y ratunkowe, torby na narz\u0119dzia, skalowalne i wielokrotnego u\u017cytku namioty do spaw\u00f3w i wiele wi\u0119cej. Pozw\u00f3l nam stworzy\u0107 dla Ciebie najlepsze rozwi\u0105zanie.","_seopress_robots_index":"","_seopress_redirections_enabled":"","_seopress_redirections_value":"","_seopress_redirections_type":"301","_seopress_redirections_param":"","_seopress_redirections_enabled_regex":"","_seopress_redirections_logged_status":"both","_seopress_redirections_ip":"","seopress_redirections_ua":"","seopress_redirections_referer":"","_seopress_redirections_date_request":"","seopress_404_count":"","_seopress_404_redirect_date_request":"","footnotes":""},"class_list":["post-1457","page","type-page","status-publish","hentry"],"acf":[],"_links":{"self":[{"href":"https:\/\/www.hansaa.com\/pl\/wp-json\/wp\/v2\/pages\/1457","targetHints":{"allow":["GET"]}}],"collection":[{"href":"https:\/\/www.hansaa.com\/pl\/wp-json\/wp\/v2\/pages"}],"about":[{"href":"https:\/\/www.hansaa.com\/pl\/wp-json\/wp\/v2\/types\/page"}],"author":[{"embeddable":true,"href":"https:\/\/www.hansaa.com\/pl\/wp-json\/wp\/v2\/users\/2"}],"replies":[{"embeddable":true,"href":"https:\/\/www.hansaa.com\/pl\/wp-json\/wp\/v2\/comments?post=1457"}],"version-history":[{"count":5,"href":"https:\/\/www.hansaa.com\/pl\/wp-json\/wp\/v2\/pages\/1457\/revisions"}],"predecessor-version":[{"id":2297,"href":"https:\/\/www.hansaa.com\/pl\/wp-json\/wp\/v2\/pages\/1457\/revisions\/2297"}],"wp:attachment":[{"href":"https:\/\/www.hansaa.com\/pl\/wp-json\/wp\/v2\/media?parent=1457"}],"curies":[{"name":"wp","href":"https:\/\/api.w.org\/{rel}","templated":true}]}}