{"id":1459,"date":"2022-03-18T08:28:29","date_gmt":"2022-03-18T07:28:29","guid":{"rendered":"https:\/\/www.hansaa.com\/naprawa\/"},"modified":"2023-06-06T21:14:23","modified_gmt":"2023-06-06T19:14:23","slug":"naprawa","status":"publish","type":"page","link":"https:\/\/www.hansaa.com\/pl\/naprawa\/","title":{"rendered":"Naprawa"},"content":{"rendered":"","protected":false},"excerpt":{"rendered":"","protected":false},"author":2,"featured_media":0,"parent":0,"menu_order":10,"comment_status":"closed","ping_status":"closed","template":"template-modules.blade.php","meta":{"_acf_changed":false,"_seopress_robots_primary_cat":"","_seopress_titles_title":"Potrzebujesz naprawy pokrowc\u00f3w ochronnych Hans Aa?","_seopress_titles_desc":"Tworzymy produkty, kt\u00f3re pomimo trudnych warunk\u00f3w i nieostro\u017cnego obchodzenia si\u0119, mog\u0105 by\u0107 wielokrotnie u\u017cywane. Dowiedz si\u0119 wi\u0119cej o procesie mycia, naprawy i dostawy.","_seopress_robots_index":"","_seopress_redirections_enabled":"","_seopress_redirections_value":"","_seopress_redirections_type":"301","_seopress_redirections_param":"","_seopress_redirections_enabled_regex":"","_seopress_redirections_logged_status":"both","_seopress_redirections_ip":"","seopress_redirections_ua":"","seopress_redirections_referer":"","_seopress_redirections_date_request":"","seopress_404_count":"","_seopress_404_redirect_date_request":"","footnotes":""},"class_list":["post-1459","page","type-page","status-publish","hentry"],"acf":[],"_links":{"self":[{"href":"https:\/\/www.hansaa.com\/pl\/wp-json\/wp\/v2\/pages\/1459","targetHints":{"allow":["GET"]}}],"collection":[{"href":"https:\/\/www.hansaa.com\/pl\/wp-json\/wp\/v2\/pages"}],"about":[{"href":"https:\/\/www.hansaa.com\/pl\/wp-json\/wp\/v2\/types\/page"}],"author":[{"embeddable":true,"href":"https:\/\/www.hansaa.com\/pl\/wp-json\/wp\/v2\/users\/2"}],"replies":[{"embeddable":true,"href":"https:\/\/www.hansaa.com\/pl\/wp-json\/wp\/v2\/comments?post=1459"}],"version-history":[{"count":5,"href":"https:\/\/www.hansaa.com\/pl\/wp-json\/wp\/v2\/pages\/1459\/revisions"}],"predecessor-version":[{"id":2547,"href":"https:\/\/www.hansaa.com\/pl\/wp-json\/wp\/v2\/pages\/1459\/revisions\/2547"}],"wp:attachment":[{"href":"https:\/\/www.hansaa.com\/pl\/wp-json\/wp\/v2\/media?parent=1459"}],"curies":[{"name":"wp","href":"https:\/\/api.w.org\/{rel}","templated":true}]}}