{"id":1466,"date":"2022-03-18T08:27:31","date_gmt":"2022-03-18T07:27:31","guid":{"rendered":"https:\/\/www.hansaa.com\/przemysl-rolniczy\/"},"modified":"2023-07-07T16:07:04","modified_gmt":"2023-07-07T14:07:04","slug":"przemysl-rolniczy","status":"publish","type":"page","link":"https:\/\/www.hansaa.com\/pl\/przemysl-rolniczy\/","title":{"rendered":"Przemys\u0142 rolniczy"},"content":{"rendered":"","protected":false},"excerpt":{"rendered":"","protected":false},"author":2,"featured_media":0,"parent":0,"menu_order":13,"comment_status":"closed","ping_status":"closed","template":"template-modules.blade.php","meta":{"_acf_changed":false,"_seopress_robots_primary_cat":"","_seopress_titles_title":"Poznaj plandeki Hans Aa dla rolnictwa i maszyn. Zobacz wi\u0119cej tutaj.","_seopress_titles_desc":"Potrzebujesz pokrowc\u00f3w ochronnych i plandek do maszyn rolniczych i przemys\u0142owych? Wykonujemy plandeki do kosiarek dyskowych, rozrzutnik\u00f3w i robot\u00f3w. ","_seopress_robots_index":"","_seopress_redirections_enabled":"","_seopress_redirections_value":"","_seopress_redirections_type":"301","_seopress_redirections_param":"","_seopress_redirections_enabled_regex":"","_seopress_redirections_logged_status":"both","_seopress_redirections_ip":"","seopress_redirections_ua":"","seopress_redirections_referer":"","_seopress_redirections_date_request":"","seopress_404_count":"","_seopress_404_redirect_date_request":"","footnotes":""},"class_list":["post-1466","page","type-page","status-publish","hentry"],"acf":[],"_links":{"self":[{"href":"https:\/\/www.hansaa.com\/pl\/wp-json\/wp\/v2\/pages\/1466","targetHints":{"allow":["GET"]}}],"collection":[{"href":"https:\/\/www.hansaa.com\/pl\/wp-json\/wp\/v2\/pages"}],"about":[{"href":"https:\/\/www.hansaa.com\/pl\/wp-json\/wp\/v2\/types\/page"}],"author":[{"embeddable":true,"href":"https:\/\/www.hansaa.com\/pl\/wp-json\/wp\/v2\/users\/2"}],"replies":[{"embeddable":true,"href":"https:\/\/www.hansaa.com\/pl\/wp-json\/wp\/v2\/comments?post=1466"}],"version-history":[{"count":10,"href":"https:\/\/www.hansaa.com\/pl\/wp-json\/wp\/v2\/pages\/1466\/revisions"}],"predecessor-version":[{"id":2582,"href":"https:\/\/www.hansaa.com\/pl\/wp-json\/wp\/v2\/pages\/1466\/revisions\/2582"}],"wp:attachment":[{"href":"https:\/\/www.hansaa.com\/pl\/wp-json\/wp\/v2\/media?parent=1466"}],"curies":[{"name":"wp","href":"https:\/\/api.w.org\/{rel}","templated":true}]}}